{"id":56,"date":"2022-08-15T09:18:56","date_gmt":"2022-08-15T06:18:56","guid":{"rendered":"https:\/\/www.sdftasarim.com.tr\/en\/?page_id=56"},"modified":"2022-09-02T13:41:53","modified_gmt":"2022-09-02T10:41:53","slug":"corporate","status":"publish","type":"page","link":"https:\/\/www.sdftasarim.com.tr\/en\/corporate\/","title":{"rendered":"CORPORATE"},"content":{"rendered":"\t\t<div data-elementor-type=\"wp-page\" data-elementor-id=\"56\" class=\"elementor elementor-56\">\n\t\t\t\t\t\t\t\t\t<section class=\"elementor-section elementor-top-section elementor-element elementor-element-f49a239 elementor-reverse-mobile elementor-section-boxed elementor-section-height-default elementor-section-height-default\" data-id=\"f49a239\" data-element_type=\"section\">\n\t\t\t\t\t\t<div class=\"elementor-container elementor-column-gap-default\">\n\t\t\t\t\t<div class=\"elementor-column elementor-col-50 elementor-top-column elementor-element elementor-element-e5fd744\" data-id=\"e5fd744\" data-element_type=\"column\">\n\t\t\t<div class=\"elementor-widget-wrap elementor-element-populated\">\n\t\t\t\t\t\t\t\t<div class=\"elementor-element elementor-element-ae593a6 elementor-widget elementor-widget-text-editor\" data-id=\"ae593a6\" data-element_type=\"widget\" data-widget_type=\"text-editor.default\">\n\t\t\t\t<div class=\"elementor-widget-container\">\n\t\t\t<style>\/*! elementor - v3.7.4 - 31-08-2022 *\/\n.elementor-widget-text-editor.elementor-drop-cap-view-stacked .elementor-drop-cap{background-color:#818a91;color:#fff}.elementor-widget-text-editor.elementor-drop-cap-view-framed .elementor-drop-cap{color:#818a91;border:3px solid;background-color:transparent}.elementor-widget-text-editor:not(.elementor-drop-cap-view-default) .elementor-drop-cap{margin-top:8px}.elementor-widget-text-editor:not(.elementor-drop-cap-view-default) .elementor-drop-cap-letter{width:1em;height:1em}.elementor-widget-text-editor .elementor-drop-cap{float:left;text-align:center;line-height:1;font-size:50px}.elementor-widget-text-editor .elementor-drop-cap-letter{display:inline-block}<\/style>\t\t\t\t<p>&#8211; SDF Design Engineering and Production was set up in 2012 in 1.Sanayi Sitesi Izm\u0131r Turkey. In 2016, our company was moved to a bigger 1000m2 facility in Sarn\u0131c, Izm\u0131r. With more than 25 years of experienced engineers and designers, our company uses 3D programs (SIMENS NX) to design parts and uses latest technological CNC machines to manufacture parts for machine, automotive and aviation industries.<br \/><br \/>&#8211; Our goal is to provide the best products and service on time with competitive prices by using the latest technology and by following highest international standards<\/p>\t\t\t\t\t\t<\/div>\n\t\t\t\t<\/div>\n\t\t\t\t\t<\/div>\n\t\t<\/div>\n\t\t\t\t<div class=\"elementor-column elementor-col-50 elementor-top-column elementor-element elementor-element-81795a1\" data-id=\"81795a1\" data-element_type=\"column\">\n\t\t\t<div class=\"elementor-widget-wrap elementor-element-populated\">\n\t\t\t\t\t\t\t\t<div class=\"elementor-element elementor-element-904bac5 elementor-widget elementor-widget-image\" data-id=\"904bac5\" data-element_type=\"widget\" data-widget_type=\"image.default\">\n\t\t\t\t<div class=\"elementor-widget-container\">\n\t\t\t<style>\/*! elementor - v3.7.4 - 31-08-2022 *\/\n.elementor-widget-image{text-align:center}.elementor-widget-image a{display:inline-block}.elementor-widget-image a img[src$=\".svg\"]{width:48px}.elementor-widget-image img{vertical-align:middle;display:inline-block}<\/style>\t\t\t\t\t\t\t\t\t\t\t\t<img width=\"525\" height=\"295\" src=\"https:\/\/www.sdftasarim.com.tr\/en\/wp-content\/uploads\/2022\/08\/sdf10-1000-768x432.jpg\" class=\"attachment-medium_large size-medium_large\" alt=\"\" loading=\"lazy\" srcset=\"https:\/\/www.sdftasarim.com.tr\/en\/wp-content\/uploads\/2022\/08\/sdf10-1000-768x432.jpg 768w, https:\/\/www.sdftasarim.com.tr\/en\/wp-content\/uploads\/2022\/08\/sdf10-1000-300x169.jpg 300w, https:\/\/www.sdftasarim.com.tr\/en\/wp-content\/uploads\/2022\/08\/sdf10-1000.jpg 1000w\" sizes=\"100vw\" \/>\t\t\t\t\t\t\t\t\t\t\t\t\t\t\t<\/div>\n\t\t\t\t<\/div>\n\t\t\t\t\t<\/div>\n\t\t<\/div>\n\t\t\t\t\t\t\t<\/div>\n\t\t<\/section>\n\t\t\t\t<section class=\"elementor-section elementor-top-section elementor-element elementor-element-b8b5891 elementor-section-boxed elementor-section-height-default elementor-section-height-default\" data-id=\"b8b5891\" data-element_type=\"section\">\n\t\t\t\t\t\t<div class=\"elementor-container elementor-column-gap-default\">\n\t\t\t\t\t<div class=\"elementor-column elementor-col-50 elementor-top-column elementor-element elementor-element-d675ba9\" data-id=\"d675ba9\" data-element_type=\"column\">\n\t\t\t<div class=\"elementor-widget-wrap elementor-element-populated\">\n\t\t\t\t\t\t\t\t<div class=\"elementor-element elementor-element-a023269 elementor-widget elementor-widget-heading\" data-id=\"a023269\" data-element_type=\"widget\" id=\"vision\" data-widget_type=\"heading.default\">\n\t\t\t\t<div class=\"elementor-widget-container\">\n\t\t\t<style>\/*! elementor - v3.7.4 - 31-08-2022 *\/\n.elementor-heading-title{padding:0;margin:0;line-height:1}.elementor-widget-heading .elementor-heading-title[class*=elementor-size-]>a{color:inherit;font-size:inherit;line-height:inherit}.elementor-widget-heading .elementor-heading-title.elementor-size-small{font-size:15px}.elementor-widget-heading .elementor-heading-title.elementor-size-medium{font-size:19px}.elementor-widget-heading .elementor-heading-title.elementor-size-large{font-size:29px}.elementor-widget-heading .elementor-heading-title.elementor-size-xl{font-size:39px}.elementor-widget-heading .elementor-heading-title.elementor-size-xxl{font-size:59px}<\/style><h2 class=\"elementor-heading-title elementor-size-default\">OUR VISION<\/h2>\t\t<\/div>\n\t\t\t\t<\/div>\n\t\t\t\t<div class=\"elementor-element elementor-element-6cb2dc5 elementor-widget elementor-widget-image\" data-id=\"6cb2dc5\" data-element_type=\"widget\" data-widget_type=\"image.default\">\n\t\t\t\t<div class=\"elementor-widget-container\">\n\t\t\t\t\t\t\t\t\t\t\t\t\t\t\t<img width=\"525\" height=\"295\" src=\"https:\/\/www.sdftasarim.com.tr\/en\/wp-content\/uploads\/2022\/08\/sdf7-1000-768x432.jpg\" class=\"attachment-medium_large size-medium_large\" alt=\"\" loading=\"lazy\" srcset=\"https:\/\/www.sdftasarim.com.tr\/en\/wp-content\/uploads\/2022\/08\/sdf7-1000-768x432.jpg 768w, https:\/\/www.sdftasarim.com.tr\/en\/wp-content\/uploads\/2022\/08\/sdf7-1000-300x169.jpg 300w, https:\/\/www.sdftasarim.com.tr\/en\/wp-content\/uploads\/2022\/08\/sdf7-1000.jpg 1000w\" sizes=\"100vw\" \/>\t\t\t\t\t\t\t\t\t\t\t\t\t\t\t<\/div>\n\t\t\t\t<\/div>\n\t\t\t\t<div class=\"elementor-element elementor-element-987fdaf elementor-widget elementor-widget-text-editor\" data-id=\"987fdaf\" data-element_type=\"widget\" data-widget_type=\"text-editor.default\">\n\t\t\t\t<div class=\"elementor-widget-container\">\n\t\t\t\t\t\t\t<p>Our vision is to continuously develop our technology, to meet all the required international standards and to be a competitive, a reliable, a global brand in manufacturing sector with our experienced management and production team and with our organizational structure in the direction of our principles\u00a0<\/p>\t\t\t\t\t\t<\/div>\n\t\t\t\t<\/div>\n\t\t\t\t\t<\/div>\n\t\t<\/div>\n\t\t\t\t<div class=\"elementor-column elementor-col-50 elementor-top-column elementor-element elementor-element-ab4d9aa\" data-id=\"ab4d9aa\" data-element_type=\"column\">\n\t\t\t<div class=\"elementor-widget-wrap elementor-element-populated\">\n\t\t\t\t\t\t\t\t<div class=\"elementor-element elementor-element-eb6f65a elementor-widget elementor-widget-heading\" data-id=\"eb6f65a\" data-element_type=\"widget\" id=\"mission\" data-widget_type=\"heading.default\">\n\t\t\t\t<div class=\"elementor-widget-container\">\n\t\t\t<h2 class=\"elementor-heading-title elementor-size-default\">OUR MISSION<\/h2>\t\t<\/div>\n\t\t\t\t<\/div>\n\t\t\t\t<div class=\"elementor-element elementor-element-2932281 elementor-widget elementor-widget-image\" data-id=\"2932281\" data-element_type=\"widget\" data-widget_type=\"image.default\">\n\t\t\t\t<div class=\"elementor-widget-container\">\n\t\t\t\t\t\t\t\t\t\t\t\t\t\t\t<img width=\"525\" height=\"295\" src=\"https:\/\/www.sdftasarim.com.tr\/en\/wp-content\/uploads\/2022\/08\/sdf4-1920-768x432.jpg\" class=\"attachment-medium_large size-medium_large\" alt=\"\" loading=\"lazy\" srcset=\"https:\/\/www.sdftasarim.com.tr\/en\/wp-content\/uploads\/2022\/08\/sdf4-1920-768x432.jpg 768w, https:\/\/www.sdftasarim.com.tr\/en\/wp-content\/uploads\/2022\/08\/sdf4-1920-300x169.jpg 300w, https:\/\/www.sdftasarim.com.tr\/en\/wp-content\/uploads\/2022\/08\/sdf4-1920-1024x576.jpg 1024w, https:\/\/www.sdftasarim.com.tr\/en\/wp-content\/uploads\/2022\/08\/sdf4-1920-1536x864.jpg 1536w, https:\/\/www.sdftasarim.com.tr\/en\/wp-content\/uploads\/2022\/08\/sdf4-1920.jpg 1920w\" sizes=\"100vw\" \/>\t\t\t\t\t\t\t\t\t\t\t\t\t\t\t<\/div>\n\t\t\t\t<\/div>\n\t\t\t\t<div class=\"elementor-element elementor-element-9ac931d elementor-widget elementor-widget-text-editor\" data-id=\"9ac931d\" data-element_type=\"widget\" data-widget_type=\"text-editor.default\">\n\t\t\t\t<div class=\"elementor-widget-container\">\n\t\t\t\t\t\t\t<p>Our mission is to produce our customers\u2019 orders with the highest quality, in the shortest possible time and to continue our support after sales by; supplying spare parts, providing assembly, maintenance, repair and warranty services.\u00a0<\/p>\t\t\t\t\t\t<\/div>\n\t\t\t\t<\/div>\n\t\t\t\t\t<\/div>\n\t\t<\/div>\n\t\t\t\t\t\t\t<\/div>\n\t\t<\/section>\n\t\t\t\t<section class=\"elementor-section elementor-top-section elementor-element elementor-element-5c04688 elementor-section-boxed elementor-section-height-default elementor-section-height-default\" data-id=\"5c04688\" data-element_type=\"section\">\n\t\t\t\t\t\t<div class=\"elementor-container elementor-column-gap-default\">\n\t\t\t\t\t<div class=\"elementor-column elementor-col-100 elementor-top-column elementor-element elementor-element-e6f4454\" data-id=\"e6f4454\" data-element_type=\"column\">\n\t\t\t<div class=\"elementor-widget-wrap elementor-element-populated\">\n\t\t\t\t\t\t\t\t<div class=\"elementor-element elementor-element-022a504 elementor-widget elementor-widget-heading\" data-id=\"022a504\" data-element_type=\"widget\" id=\"quality\" data-widget_type=\"heading.default\">\n\t\t\t\t<div class=\"elementor-widget-container\">\n\t\t\t<h2 class=\"elementor-heading-title elementor-size-default\">QUALITY<\/h2>\t\t<\/div>\n\t\t\t\t<\/div>\n\t\t\t\t<div class=\"elementor-element elementor-element-160ba55 elementor-widget elementor-widget-text-editor\" data-id=\"160ba55\" data-element_type=\"widget\" data-widget_type=\"text-editor.default\">\n\t\t\t\t<div class=\"elementor-widget-container\">\n\t\t\t\t\t\t\tOur accreditations and quality certificates\t\t\t\t\t\t<\/div>\n\t\t\t\t<\/div>\n\t\t\t\t<section class=\"elementor-section elementor-inner-section elementor-element elementor-element-cfd57d5 elementor-section-boxed elementor-section-height-default elementor-section-height-default\" data-id=\"cfd57d5\" data-element_type=\"section\">\n\t\t\t\t\t\t<div class=\"elementor-container elementor-column-gap-default\">\n\t\t\t\t\t<div class=\"elementor-column elementor-col-25 elementor-inner-column elementor-element elementor-element-eaeabd0\" data-id=\"eaeabd0\" data-element_type=\"column\">\n\t\t\t<div class=\"elementor-widget-wrap elementor-element-populated\">\n\t\t\t\t\t\t\t\t<div class=\"elementor-element elementor-element-38d2b76 elementor-widget elementor-widget-image\" data-id=\"38d2b76\" data-element_type=\"widget\" data-widget_type=\"image.default\">\n\t\t\t\t<div class=\"elementor-widget-container\">\n\t\t\t\t\t\t\t\t\t\t\t\t<figure class=\"wp-caption\">\n\t\t\t\t\t\t\t\t\t\t\t<a href=\"https:\/\/www.sdftasarim.com.tr\/wp-content\/uploads\/2022\/08\/fr.83-iso-27001-2013-ias-sistem-sertifikasir.jpg\" data-elementor-open-lightbox=\"yes\" e-action-hash=\"#elementor-action%3Aaction%3Dlightbox%26settings%3DeyJpZCI6Mjk0LCJ1cmwiOiJodHRwczpcL1wvd3d3LnNkZnRhc2FyaW0uY29tLnRyXC9lblwvd3AtY29udGVudFwvdXBsb2Fkc1wvMjAyMlwvMDhcL2ZyLjgzLWlzby0yNzAwMS0yMDEzLWlhcy1zaXN0ZW0tc2VydGlmaWthc2lyLmpwZyJ9\">\n\t\t\t\t\t\t\t<img width=\"212\" height=\"300\" src=\"https:\/\/www.sdftasarim.com.tr\/en\/wp-content\/uploads\/2022\/08\/fr.83-iso-27001-2013-ias-sistem-sertifikasir-212x300.jpg\" class=\"attachment-medium size-medium\" alt=\"\" loading=\"lazy\" srcset=\"https:\/\/www.sdftasarim.com.tr\/en\/wp-content\/uploads\/2022\/08\/fr.83-iso-27001-2013-ias-sistem-sertifikasir-212x300.jpg 212w, https:\/\/www.sdftasarim.com.tr\/en\/wp-content\/uploads\/2022\/08\/fr.83-iso-27001-2013-ias-sistem-sertifikasir-724x1024.jpg 724w, https:\/\/www.sdftasarim.com.tr\/en\/wp-content\/uploads\/2022\/08\/fr.83-iso-27001-2013-ias-sistem-sertifikasir-768x1087.jpg 768w, https:\/\/www.sdftasarim.com.tr\/en\/wp-content\/uploads\/2022\/08\/fr.83-iso-27001-2013-ias-sistem-sertifikasir.jpg 800w\" sizes=\"100vw\" \/>\t\t\t\t\t\t\t\t<\/a>\n\t\t\t\t\t\t\t\t\t\t\t<figcaption class=\"widget-image-caption wp-caption-text\">ISO 27001:2013<\/figcaption>\n\t\t\t\t\t\t\t\t\t\t<\/figure>\n\t\t\t\t\t\t\t\t\t<\/div>\n\t\t\t\t<\/div>\n\t\t\t\t\t<\/div>\n\t\t<\/div>\n\t\t\t\t<div class=\"elementor-column elementor-col-25 elementor-inner-column elementor-element elementor-element-d7474f5\" data-id=\"d7474f5\" data-element_type=\"column\">\n\t\t\t<div class=\"elementor-widget-wrap elementor-element-populated\">\n\t\t\t\t\t\t\t\t<div class=\"elementor-element elementor-element-d45d7a4 elementor-widget elementor-widget-image\" data-id=\"d45d7a4\" data-element_type=\"widget\" data-widget_type=\"image.default\">\n\t\t\t\t<div class=\"elementor-widget-container\">\n\t\t\t\t\t\t\t\t\t\t\t\t<figure class=\"wp-caption\">\n\t\t\t\t\t\t\t\t\t\t\t<a href=\"https:\/\/www.sdftasarim.com.tr\/wp-content\/uploads\/2022\/08\/sdf-1400-2022.jpg\" data-elementor-open-lightbox=\"yes\" e-action-hash=\"#elementor-action%3Aaction%3Dlightbox%26settings%3DeyJpZCI6Mjk1LCJ1cmwiOiJodHRwczpcL1wvd3d3LnNkZnRhc2FyaW0uY29tLnRyXC9lblwvd3AtY29udGVudFwvdXBsb2Fkc1wvMjAyMlwvMDhcL3NkZi0xNDAwLTIwMjIuanBnIn0%3D\">\n\t\t\t\t\t\t\t<img width=\"212\" height=\"300\" src=\"https:\/\/www.sdftasarim.com.tr\/en\/wp-content\/uploads\/2022\/08\/sdf-1400-2022-212x300.jpg\" class=\"attachment-medium size-medium\" alt=\"\" loading=\"lazy\" srcset=\"https:\/\/www.sdftasarim.com.tr\/en\/wp-content\/uploads\/2022\/08\/sdf-1400-2022-212x300.jpg 212w, https:\/\/www.sdftasarim.com.tr\/en\/wp-content\/uploads\/2022\/08\/sdf-1400-2022-724x1024.jpg 724w, https:\/\/www.sdftasarim.com.tr\/en\/wp-content\/uploads\/2022\/08\/sdf-1400-2022-768x1087.jpg 768w, https:\/\/www.sdftasarim.com.tr\/en\/wp-content\/uploads\/2022\/08\/sdf-1400-2022.jpg 800w\" sizes=\"100vw\" \/>\t\t\t\t\t\t\t\t<\/a>\n\t\t\t\t\t\t\t\t\t\t\t<figcaption class=\"widget-image-caption wp-caption-text\">ISO 14001:2015<\/figcaption>\n\t\t\t\t\t\t\t\t\t\t<\/figure>\n\t\t\t\t\t\t\t\t\t<\/div>\n\t\t\t\t<\/div>\n\t\t\t\t\t<\/div>\n\t\t<\/div>\n\t\t\t\t<div class=\"elementor-column elementor-col-25 elementor-inner-column elementor-element elementor-element-0704d95\" data-id=\"0704d95\" data-element_type=\"column\">\n\t\t\t<div class=\"elementor-widget-wrap elementor-element-populated\">\n\t\t\t\t\t\t\t\t<div class=\"elementor-element elementor-element-f9ea199 elementor-widget elementor-widget-image\" data-id=\"f9ea199\" data-element_type=\"widget\" data-widget_type=\"image.default\">\n\t\t\t\t<div class=\"elementor-widget-container\">\n\t\t\t\t\t\t\t\t\t\t\t\t<figure class=\"wp-caption\">\n\t\t\t\t\t\t\t\t\t\t\t<a href=\"https:\/\/www.sdftasarim.com.tr\/wp-content\/uploads\/2022\/08\/sdf-9001-2022.jpg\" data-elementor-open-lightbox=\"yes\" e-action-hash=\"#elementor-action%3Aaction%3Dlightbox%26settings%3DeyJpZCI6Mjk2LCJ1cmwiOiJodHRwczpcL1wvd3d3LnNkZnRhc2FyaW0uY29tLnRyXC9lblwvd3AtY29udGVudFwvdXBsb2Fkc1wvMjAyMlwvMDhcL3NkZi05MDAxLTIwMjIuanBnIn0%3D\">\n\t\t\t\t\t\t\t<img width=\"212\" height=\"300\" src=\"https:\/\/www.sdftasarim.com.tr\/en\/wp-content\/uploads\/2022\/08\/sdf-9001-2022-212x300.jpg\" class=\"attachment-medium size-medium\" alt=\"\" loading=\"lazy\" srcset=\"https:\/\/www.sdftasarim.com.tr\/en\/wp-content\/uploads\/2022\/08\/sdf-9001-2022-212x300.jpg 212w, https:\/\/www.sdftasarim.com.tr\/en\/wp-content\/uploads\/2022\/08\/sdf-9001-2022-724x1024.jpg 724w, https:\/\/www.sdftasarim.com.tr\/en\/wp-content\/uploads\/2022\/08\/sdf-9001-2022-768x1087.jpg 768w, https:\/\/www.sdftasarim.com.tr\/en\/wp-content\/uploads\/2022\/08\/sdf-9001-2022.jpg 800w\" sizes=\"100vw\" \/>\t\t\t\t\t\t\t\t<\/a>\n\t\t\t\t\t\t\t\t\t\t\t<figcaption class=\"widget-image-caption wp-caption-text\">ISO 9001:2015<\/figcaption>\n\t\t\t\t\t\t\t\t\t\t<\/figure>\n\t\t\t\t\t\t\t\t\t<\/div>\n\t\t\t\t<\/div>\n\t\t\t\t\t<\/div>\n\t\t<\/div>\n\t\t\t\t<div class=\"elementor-column elementor-col-25 elementor-inner-column elementor-element elementor-element-07f1dad\" data-id=\"07f1dad\" data-element_type=\"column\">\n\t\t\t<div class=\"elementor-widget-wrap elementor-element-populated\">\n\t\t\t\t\t\t\t\t<div class=\"elementor-element elementor-element-c8b722b elementor-widget elementor-widget-image\" data-id=\"c8b722b\" data-element_type=\"widget\" data-widget_type=\"image.default\">\n\t\t\t\t<div class=\"elementor-widget-container\">\n\t\t\t\t\t\t\t\t\t\t\t\t<figure class=\"wp-caption\">\n\t\t\t\t\t\t\t\t\t\t\t<a href=\"https:\/\/www.sdftasarim.com.tr\/wp-content\/uploads\/2022\/08\/sdf-45001-2022.jpg\" data-elementor-open-lightbox=\"yes\" e-action-hash=\"#elementor-action%3Aaction%3Dlightbox%26settings%3DeyJpZCI6Mjk3LCJ1cmwiOiJodHRwczpcL1wvd3d3LnNkZnRhc2FyaW0uY29tLnRyXC9lblwvd3AtY29udGVudFwvdXBsb2Fkc1wvMjAyMlwvMDhcL3NkZi00NTAwMS0yMDIyLmpwZyJ9\">\n\t\t\t\t\t\t\t<img width=\"212\" height=\"300\" src=\"https:\/\/www.sdftasarim.com.tr\/en\/wp-content\/uploads\/2022\/08\/sdf-45001-2022-212x300.jpg\" class=\"attachment-medium size-medium\" alt=\"\" loading=\"lazy\" srcset=\"https:\/\/www.sdftasarim.com.tr\/en\/wp-content\/uploads\/2022\/08\/sdf-45001-2022-212x300.jpg 212w, https:\/\/www.sdftasarim.com.tr\/en\/wp-content\/uploads\/2022\/08\/sdf-45001-2022-724x1024.jpg 724w, https:\/\/www.sdftasarim.com.tr\/en\/wp-content\/uploads\/2022\/08\/sdf-45001-2022-768x1087.jpg 768w, https:\/\/www.sdftasarim.com.tr\/en\/wp-content\/uploads\/2022\/08\/sdf-45001-2022.jpg 800w\" sizes=\"100vw\" \/>\t\t\t\t\t\t\t\t<\/a>\n\t\t\t\t\t\t\t\t\t\t\t<figcaption class=\"widget-image-caption wp-caption-text\">ISO 45001:2018<\/figcaption>\n\t\t\t\t\t\t\t\t\t\t<\/figure>\n\t\t\t\t\t\t\t\t\t<\/div>\n\t\t\t\t<\/div>\n\t\t\t\t\t<\/div>\n\t\t<\/div>\n\t\t\t\t\t\t\t<\/div>\n\t\t<\/section>\n\t\t\t\t\t<\/div>\n\t\t<\/div>\n\t\t\t\t\t\t\t<\/div>\n\t\t<\/section>\n\t\t\t\t\t\t\t<\/div>\n\t\t","protected":false},"excerpt":{"rendered":"<p>&#8211; SDF Design Engineering and Production was set up in 2012 in 1.Sanayi Sitesi Izm\u0131r Turkey. In 2016, our company was moved to a bigger 1000m2 facility in Sarn\u0131c, Izm\u0131r. With more than 25 years of experienced engineers and designers, our company uses 3D programs (SIMENS NX) to design parts and uses latest technological CNC &hellip; <\/p>\n<p class=\"link-more\"><a href=\"https:\/\/www.sdftasarim.com.tr\/en\/corporate\/\" class=\"more-link\">Okumaya devam et<span class=\"screen-reader-text\"> &#8220;CORPORATE&#8221;<\/span><\/a><\/p>\n","protected":false},"author":1,"featured_media":0,"parent":0,"menu_order":0,"comment_status":"closed","ping_status":"closed","template":"","meta":[],"_links":{"self":[{"href":"https:\/\/www.sdftasarim.com.tr\/en\/wp-json\/wp\/v2\/pages\/56"}],"collection":[{"href":"https:\/\/www.sdftasarim.com.tr\/en\/wp-json\/wp\/v2\/pages"}],"about":[{"href":"https:\/\/www.sdftasarim.com.tr\/en\/wp-json\/wp\/v2\/types\/page"}],"author":[{"embeddable":true,"href":"https:\/\/www.sdftasarim.com.tr\/en\/wp-json\/wp\/v2\/users\/1"}],"replies":[{"embeddable":true,"href":"https:\/\/www.sdftasarim.com.tr\/en\/wp-json\/wp\/v2\/comments?post=56"}],"version-history":[{"count":73,"href":"https:\/\/www.sdftasarim.com.tr\/en\/wp-json\/wp\/v2\/pages\/56\/revisions"}],"predecessor-version":[{"id":832,"href":"https:\/\/www.sdftasarim.com.tr\/en\/wp-json\/wp\/v2\/pages\/56\/revisions\/832"}],"wp:attachment":[{"href":"https:\/\/www.sdftasarim.com.tr\/en\/wp-json\/wp\/v2\/media?parent=56"}],"curies":[{"name":"wp","href":"https:\/\/api.w.org\/{rel}","templated":true}]}}